{"id":331,"date":"2006-11-25T13:59:02","date_gmt":"2006-11-25T18:59:02","guid":{"rendered":"http:\/\/andresb.net\/?page_id=331"},"modified":"2011-02-12T10:10:06","modified_gmt":"2011-02-12T16:10:06","slug":"disclaimer","status":"publish","type":"page","link":"https:\/\/andresb.net\/blog\/datos\/disclaimer\/","title":{"rendered":"Disclaimer"},"content":{"rendered":"<p>Este documento tiene por finalidad aclarar y establecer una serie de conceptos que el autor de este website considera de importancia para el lector.<\/p>\n<p><strong>El autor<\/strong><br \/>\nEl autor de este website es Andr\u00e9s Bianciotto (AB). Es posible contactarlo a trav\u00e9s de ego [arroba] andresb punto net. No todos los mensajes que se reciban en esa direcci\u00f3n tendr\u00e1n respuesta, pero todos son le\u00eddos con regularidad.<\/p>\n<p><strong>Esp\u00edritu del contenido<\/strong><br \/>\nEste website tiene por finalidad expresar opiniones, impresiones, ideas y experiencias personales de AB. Todo el contenido debe interpretarse como una opini\u00f3n personal y perfectamente puede considerarse falible e infundada.<\/p>\n<p>Toda persona que desee responder a alguna de las opiniones vertidas en el website puede utilizar el formato de respuestas o comentarios, con lo que publicar\u00e1 su respuesta a disposici\u00f3n del p\u00fablico en general. AB se reserva el derecho de eliminar cualquier comentario, pero en general s\u00f3lo se dejar\u00e1n fuera los que puedan considerarse vulgares o inarticulados, a juicio de AB.<\/p>\n<p>Bajo ning\u00fan concepto se invita a los lectores a coincidir con las opiniones vertidas en este website, ni a ejecutar ninguna acci\u00f3n a consecuencia de la lectura.<\/p>\n<p>La permanencia y la lectura de este website es responsabilidad del lector. Este website no realiza promesas, ni se promociona con publicidad ni atrae lectores de ninguna manera, honesta o enga\u00f1osa. La \u00fanica manera de encontrarlo en Internet es conocer la direcci\u00f3n, o encontrarlo en una b\u00fasqueda en un search engine, donde se busquen t\u00e9rminos similares a los que se usan en este website. Si alg\u00fan concepto o idea le resultara ofensivo o desagradable por cualquier causa, use otros websites.<\/p>\n<p><strong>Uso del contenido<\/strong><br \/>\nSe autoriza expresamente a cualquier persona a citar en todo o en parte el contenido de este website. La cita deber\u00e1 inclu\u00edr una indicaci\u00f3n de la fuente y un link a este website. Los textos publicados en este website son propiedad exclusiva de AB, salvo donde expresamente se indique. No se autoriza la reproducci\u00f3n de los mismos sin reconocer la autor\u00eda de AB. Los cabrones de Bitacle tienen expresamente prohibido usar contenido de este website para alimentar su \u00abarchivo\u00bb.<\/p>\n<p><strong>Deslinde de responsabilidades<\/strong><br \/>\nEl material publicado en este website es de propiedad exclusiva de AB, salvo donde se indique. Las opiniones vertidas aqu\u00ed son opiniones personales, y no guardan ninguna relaci\u00f3n con las opiniones o posiciones que puedan tener empleadores, asociados, clientes y personas relacionadas.<\/p>\n<p>Este website no guarda ninguna relaci\u00f3n con la actividad laboral de AB, ni con la actividad econ\u00f3mica de su empleador.<\/p>\n<p><strong>Propiedad de los comentarios<\/strong><br \/>\nAl publicar un comentario mediante la herramientas que brinda este website, el lector (autor del comentario) autoriza expresamente a AB a eliminar, mantener, reproducir, almacenar y disponer del contenido del comentario como AB considere apropiado. Los comentarios en este website se consideran una colaboraci\u00f3n voluntaria, no remunerada directa ni indirectamente y con autorizaci\u00f3n de uso ilimitado.<\/p>\n<p><strong>Aclaraciones burdas<\/strong><br \/>\nComo gu\u00eda para interpretar el contenido de este website, sirvan estas frases:<br \/>\n&#8211; \u00abA Andr\u00e9s Bianciotto le gusta escribir idioteces en su website\u00bb<br \/>\n&#8211; \u00abEn general, Andr\u00e9s Bianciotto trata de no emitir opiniones que resulten ofensivas para personas o grupos en particular, pero -en un acto de equilibrio entre la libertad de expresi\u00f3n y su propia insignificancia en un mundo con voces m\u00e1s fuertes- cada tanto disiente fuertemente con algo, y lo dice\u00bb<br \/>\n&#8211; \u00abInternet est\u00e1 lleno de websites, algunos m\u00e1s y otros menos idiotas que este. Vaya a molestar <a title=\"Get the fuck out of here!\" href=\"http:\/\/www.rotten.com\/\">a otra parte<\/a>\u00bb<br \/>\n&#8211; \u00abAndr\u00e9s Bianciotto es un tipo de temperamento bastante apacible. Sus opiniones cambian a trav\u00e9s del tiempo, como lo hacen sus gustos. El fanatismo y los mon\u00f3logos lo aburren, as\u00ed que ll\u00e9vense uno y otros a otra parte\u00bb<\/p>\n<p>Pasando cualquier cosa dicha en este website a trav\u00e9s del filtro de estas frases, al final resultar\u00e1 lo suficientemente inofensiva como para que ni sea necesario leer este disclaimer.<\/p>\n","protected":false},"excerpt":{"rendered":"<p>Este documento tiene por finalidad aclarar y establecer una serie de conceptos que el autor de este website considera de importancia para el lector. El autor El autor de este website es Andr\u00e9s Bianciotto (AB). Es posible contactarlo a trav\u00e9s de ego [arroba] andresb punto net. No todos los mensajes que se reciban en esa [&hellip;]<\/p>\n","protected":false},"author":2,"featured_media":0,"parent":326,"menu_order":2,"comment_status":"closed","ping_status":"closed","template":"","meta":{"twitterCardType":"","cardImageID":0,"cardImage":"","cardTitle":"","cardDesc":"","cardImageAlt":"","cardPlayer":"","cardPlayerWidth":0,"cardPlayerHeight":0,"cardPlayerStream":"","cardPlayerCodec":""},"_links":{"self":[{"href":"https:\/\/andresb.net\/blog\/wp-json\/wp\/v2\/pages\/331"}],"collection":[{"href":"https:\/\/andresb.net\/blog\/wp-json\/wp\/v2\/pages"}],"about":[{"href":"https:\/\/andresb.net\/blog\/wp-json\/wp\/v2\/types\/page"}],"author":[{"embeddable":true,"href":"https:\/\/andresb.net\/blog\/wp-json\/wp\/v2\/users\/2"}],"replies":[{"embeddable":true,"href":"https:\/\/andresb.net\/blog\/wp-json\/wp\/v2\/comments?post=331"}],"version-history":[{"count":0,"href":"https:\/\/andresb.net\/blog\/wp-json\/wp\/v2\/pages\/331\/revisions"}],"up":[{"embeddable":true,"href":"https:\/\/andresb.net\/blog\/wp-json\/wp\/v2\/pages\/326"}],"wp:attachment":[{"href":"https:\/\/andresb.net\/blog\/wp-json\/wp\/v2\/media?parent=331"}],"curies":[{"name":"wp","href":"https:\/\/api.w.org\/{rel}","templated":true}]}}