{"id":326,"date":"2006-11-21T13:16:56","date_gmt":"2006-11-21T18:16:56","guid":{"rendered":"http:\/\/andresb.net\/?page_id=326"},"modified":"2020-04-24T11:37:55","modified_gmt":"2020-04-24T16:37:55","slug":"datos","status":"publish","type":"page","link":"https:\/\/andresb.net\/blog\/datos\/","title":{"rendered":"Datos &#8211; Bio"},"content":{"rendered":"<p><a href=\"https:\/\/andresb.net\/blog\/wp-content\/uploads\/2020\/04\/PHOTO-2020-03-12-13-51-30-e1587745592622.jpg\"><img loading=\"lazy\" class=\"aligncenter wp-image-2735 size-medium\" title=\"Andres Bianciotto\" src=\"https:\/\/andresb.net\/blog\/wp-content\/uploads\/2020\/04\/PHOTO-2020-03-12-13-51-30-e1587745592622-300x300.jpg\" alt=\"\" width=\"300\" height=\"300\" srcset=\"https:\/\/andresb.net\/blog\/wp-content\/uploads\/2020\/04\/PHOTO-2020-03-12-13-51-30-e1587745592622-300x300.jpg 300w, https:\/\/andresb.net\/blog\/wp-content\/uploads\/2020\/04\/PHOTO-2020-03-12-13-51-30-e1587745592622-150x150.jpg 150w, https:\/\/andresb.net\/blog\/wp-content\/uploads\/2020\/04\/PHOTO-2020-03-12-13-51-30-e1587745592622-768x768.jpg 768w, https:\/\/andresb.net\/blog\/wp-content\/uploads\/2020\/04\/PHOTO-2020-03-12-13-51-30-e1587745592622.jpg 960w\" sizes=\"(max-width: 300px) 100vw, 300px\" \/><\/a><\/p>\n<p>Click for <a href=\"#english-bio\">English version<\/a>.<\/p>\n<p><strong>Mini-bio:<\/strong> Andr\u00e9s Bianciotto asesora a empresas sobre c\u00f3mo comunicarse mejor en Internet y asiste a emprendedores en negocios\/medios digitales para impulsar su salida al mercado, tanto en t\u00e9rminos de plataforma tecnol\u00f3gica como en la estructura del negocio.<\/p>\n<p><strong>Versi\u00f3n extendida<\/strong><br \/>\nAndr\u00e9s Bianciotto es un \u00abciudadano de Internet\u00bb desde 1996 y ha trabajado para la red desde entonces, en diferentes \u00e1reas del negocio: desarrollo de software, seed\/venture capital y comunicaci\u00f3n.<\/p>\n<p>Desde sus inicios en C\u00f3rdoba, Argentina hasta la actualidad en la Ciudad de M\u00e9xico, Bianciotto desarroll\u00f3 proyectos para empresas como Volkswagen, Gerber, Intel Corp., Disney, Microsoft, Peugeot, Levi&#8217;s, Royal Holiday, France Telecom, Latinlab y Greenwich Capital; estuvo a cargo del \u00e1rea de Internet Marketing en Banco Santander; dirigi\u00f3 Grey Interactive y Grey Direct y fund\u00f3 AREA6, agencia de publicidad mexicana con m\u00faltiples premios por campa\u00f1as de marketing no tradicional.<\/p>\n<p>Actualmente est\u00e1 enfocado en <a href=\"http:\/\/stardomlabs.com\">Stardom Labs, donde trabaja para mejorar los ingresos de medios digitales en mercados program\u00e1ticos<\/a>. Sus clientes son los m\u00e1s importantes medios independientes de Latinoam\u00e9rica y Espa\u00f1a, quienes obtienen herramientas avanzadas y acceso a nuevas fuentes de ingresos para optimizar las ganancias sobre su inventario publicitario. El\u00a0<em>leitmotiv<\/em> de Stardom Labs es \u00abLos medios de alto tr\u00e1fico y bajos ingresos tienen cura\u00bb.<\/p>\n<p>Andr\u00e9s adem\u00e1s fund\u00f3\u00a0<a title=\"Hosting profesional para WordPress\" href=\"http:\/\/next.la\">Next.LA, un servicio de hosting profesional para medios digitales<\/a> seleccionado por redes de blogs l\u00edderes de Iberoam\u00e9rica. Con una importante cantidad de a\u00f1os en la industria, ahora comparte lo que aprendi\u00f3 participando como consejero o mentor en una serie de emprendimientos innovadores y present\u00e1ndose como speaker en eventos y universidades.<\/p>\n<p>Desde su primer encuentro con Internet, ha dedicado su atenci\u00f3n a estudiar y analizar ese especial punto de intersecci\u00f3n entre tecnolog\u00eda y comunicaci\u00f3n humana que ofrece la red. Esa epifan\u00eda cambi\u00f3 para siempre su vida y le permiti\u00f3 archivar su diploma de Contador P\u00fablico Certificado.<\/p>\n<p>==============================<a name=\"english-bio\"><\/a><\/p>\n<p><strong>Mini-bio:<\/strong> Andres Bianciotto helps businesses improve their online communications abilities and coaches entrepreneurs in the online space to reach a successful launch both in terms of technology and business structure.<\/p>\n<p><strong>Extended version<\/strong><br \/>\nAndres Bianciotto is an internet citizen since 1996, always working for the net in different business aspects: software development, seed\/venture capital and marketing communications.<\/p>\n<p>Since his begginings in Cordoba, Argentina to the present day in Mexico City, Bianciotto led projects for companies like Volkswagen, Gerber, Intel Corp., Disney, Microsoft, Peugeot, Levi&#8217;s, Royal Holiday, France Telecom, Latinlab and Greenwich Capital; he directed the Internet Marketing area of Banco Santander; was Managing Director of Grey Interactive &amp; Grey Direct and founded AREA6, a full-service advertising agency that won multiple awards for non-traditional marketing campaigns.<\/p>\n<p>He launched\u00a0<a href=\"http:\/\/stardomlabs.com\">Stardom Labs, the leading bespoke Ad Ops and programmatic advertising manager in Latin America<\/a>. Stardom Labs works with the foremost independent publishers in Latin America and Spain to offer advanced tools and income sources to optimize their income on their existing advertising inventory. Stardom Lab&#8217;s motto is \u00abHigh-traffic, low-income media now has a cure.\u00bb<\/p>\n<p>Andres also runs <a title=\"Wordpress web hosting for big sites\" href=\"http:\/\/next.la\">Next.LA, a specialized web hosting service<\/a> for online publications, servicing the most prominent blog networks in Latin America. After all these years on this industry, Andres is sharing what(ever) he knows about it as counselor and mentor of multiple mexican startups and appearing as a speaker at events and universities.<\/p>\n<p>Ever since discovering the net, he&#8217;s focused on analyzing the effects that the intersection of tech and human communication produces in our lives. After that initial epiphany he knew he could file forever his Certified Public Accountant diploma.<\/p>\n","protected":false},"excerpt":{"rendered":"<p>Click for English version. Mini-bio: Andr\u00e9s Bianciotto asesora a empresas sobre c\u00f3mo comunicarse mejor en Internet y asiste a emprendedores en negocios\/medios digitales para impulsar su salida al mercado, tanto en t\u00e9rminos de plataforma tecnol\u00f3gica como en la estructura del negocio. Versi\u00f3n extendida Andr\u00e9s Bianciotto es un \u00abciudadano de Internet\u00bb desde 1996 y ha trabajado [&hellip;]<\/p>\n","protected":false},"author":2,"featured_media":0,"parent":0,"menu_order":0,"comment_status":"closed","ping_status":"closed","template":"","meta":{"twitterCardType":"summary","cardImageID":0,"cardImage":"","cardTitle":"","cardDesc":"","cardImageAlt":"","cardPlayer":"","cardPlayerWidth":0,"cardPlayerHeight":0,"cardPlayerStream":"","cardPlayerCodec":""},"_links":{"self":[{"href":"https:\/\/andresb.net\/blog\/wp-json\/wp\/v2\/pages\/326"}],"collection":[{"href":"https:\/\/andresb.net\/blog\/wp-json\/wp\/v2\/pages"}],"about":[{"href":"https:\/\/andresb.net\/blog\/wp-json\/wp\/v2\/types\/page"}],"author":[{"embeddable":true,"href":"https:\/\/andresb.net\/blog\/wp-json\/wp\/v2\/users\/2"}],"replies":[{"embeddable":true,"href":"https:\/\/andresb.net\/blog\/wp-json\/wp\/v2\/comments?post=326"}],"version-history":[{"count":2,"href":"https:\/\/andresb.net\/blog\/wp-json\/wp\/v2\/pages\/326\/revisions"}],"predecessor-version":[{"id":2737,"href":"https:\/\/andresb.net\/blog\/wp-json\/wp\/v2\/pages\/326\/revisions\/2737"}],"wp:attachment":[{"href":"https:\/\/andresb.net\/blog\/wp-json\/wp\/v2\/media?parent=326"}],"curies":[{"name":"wp","href":"https:\/\/api.w.org\/{rel}","templated":true}]}}