{"id":1970,"date":"2016-01-21T09:04:35","date_gmt":"2016-01-21T15:04:35","guid":{"rendered":"http:\/\/andresb.net\/blog\/?page_id=1970"},"modified":"2025-10-21T19:06:04","modified_gmt":"2025-10-22T01:06:04","slug":"now","status":"publish","type":"page","link":"https:\/\/andresb.net\/blog\/now\/","title":{"rendered":"Now"},"content":{"rendered":"<p>En esta p\u00e1gina me sumo a <a href=\"http:\/\/nownownow.com\">la iniciativa<\/a> de <a href=\"http:\/\/sivers.org\">Derek Sivers<\/a> y voy a intentar actualizar mis andanzas tanto profesionales como personales. \u00daltima actualizaci\u00f3n: 2025-10-21<\/p>\n<p>En qu\u00e9 asuntos profesionales ando ahora:<\/p>\n<ul>\n<li>Fund\u00e9, administro y sufro en <a href=\"https:\/\/kumarcenter.com\">Kumar Center<\/a>, la empresa que tiene a su cargo la distribuci\u00f3n de <a href=\"https:\/\/www.shreis.org\/cytotron\">Cytotron<\/a> en Latinoam\u00e9rica. Salt\u00e9 de la tecnolog\u00eda y la publicidad a la salud, y es un mundo tan diferente que todos los d\u00edas aprendo algo nuevo.<\/li>\n<li>Convert\u00ed <a href=\"https:\/\/next.la\">Next.LA<\/a> en un monstruo vibecodeado que alguna vez funcionar\u00e1 como Ganesh manda.<\/li>\n<li>Sigo siendo mentor (o viejo escuchador) de algunas startups y emprendedores, y siempre es posible sacarme alg\u00fan dato o contacto a cambio de un caf\u00e9. Nada se pierde intentando.<\/li>\n<\/ul>\n<p>\u00bfY en lo personal? 90% cosas de \u00abviejo\u00bb. Voy a cumplir 50 y no s\u00e9 c\u00f3mo *gesticula enf\u00e1ticamente hacia el vac\u00edo*.<\/p>\n<ul>\n<li>Sigo aprendiendo a ser padre.<\/li>\n<li>Hay una pel\u00edcula en Netflix que se llama <a href=\"https:\/\/www.netflix.com\/title\/81436662\">Los Dos Hemisferios de Lucca (Lucca&#8217;s World)<\/a> que cuenta un pedazo de mi vida.<\/li>\n<li>De ac\u00e1 para abajo todo sigue vigente, pero infrecuente por otras urgencias:\n<ul>\n<li>Me gusta trabajar con madera y estoy tratando de aprender del gran maestro <a href=\"https:\/\/www.youtube.com\/user\/PaulSellersWoodwork\">Paul Sellers<\/a>. Arm\u00e9 un taller que nunca dejo de retocar y modificar en pos de una perfecci\u00f3n inalcanzable.<\/li>\n<li>Me gusta tirar con armas de aire y trato de <a href=\"http:\/\/www.mexicoarmado.com\/general-de-aire\/265611-un-ano-despues-segunda-visita-el-jaribu.html\">visitar un campo de tiro<\/a> al menos una vez por mes.<\/li>\n<li>Tengo todo para comenzar una huerta en mi terraza, apenas pase el fr\u00edo enero le voy a dedicar un par de fines de semana y toda la paciencia posterior. Esto ha demostrado ser una mentira de enormes proporciones, pero lo mantengo para exponer la verg\u00fcenza.<\/li>\n<li>Desde hace d\u00e9cadas quiero aprender a tocar la arm\u00f3nica de blues y no lo logro. Tampoco lo intento, pero s\u00ed quiero lograrlo alg\u00fan d\u00eda.<\/li>\n<li>Tambi\u00e9n desde hace d\u00e9cadas me fascina la radio. Me encantar\u00eda aprender locuci\u00f3n y alguna vez tener un programa o podcast que me guste.<\/li>\n<li>Y me acaban de recordar desde Twitter que tengo una impresora 3D, as\u00ed que imagino que estoy en camino a aprender algo de dise\u00f1o 3D para usarla m\u00e1s all\u00e1 de la demo.<\/li>\n<\/ul>\n<\/li>\n<\/ul>\n<p>Qu\u00e9 dej\u00e9 de hacer:<\/p>\n<ul>\n<li>En agosto 2015 fund\u00e9 Stardom Labs, una empresa que gestiona la publicidad program\u00e1tica de medios no-gigantes (porque esos se arreglan in-house), multiplicando las ventas indirectas de medios de Latinoam\u00e9rica y Espa\u00f1a.<\/li>\n<li>Sigo operando Next.LA, un servicio de hosting muy flexible para medios de alto tr\u00e1fico. No le hago mucha promoci\u00f3n porque mi foco est\u00e1 en Stardom Labs, pero bienvenidos nuevos clientes.<\/li>\n<li>Acabo de separarme de <a href=\"http:\/\/fi.co\">Founder Institute<\/a>, porque mis nuevas actividades me dejan sin tiempo para atender a un grupo de 30 emprendedores con el nivel de dedicaci\u00f3n t\u00edpico de FI.<\/li>\n<li>No voy a eventos. Ya era hura\u00f1o desde antes, pero esto es un juicio de valor: no obtengo valor de mi asistencia a eventos, as\u00ed que le cedo mi lugar a otro. Excepci\u00f3n: think:publishing de Google y alg\u00fan otro muy ligado a mi actividad actual. Aldeas y Parties no son para m\u00ed.<\/li>\n<li>No intermedio m\u00e1s en proyectos de terceros, ya me quem\u00e9 suficientes veces. Puedo abrirle mi agenda de contactos a cualquiera, pero no tengo ganas de supervisar a tu proveedor solo porque yo ya trabaj\u00e9 con \u00e9l.<\/li>\n<\/ul>\n","protected":false},"excerpt":{"rendered":"<p>En esta p\u00e1gina me sumo a la iniciativa de Derek Sivers y voy a intentar actualizar mis andanzas tanto profesionales como personales. \u00daltima actualizaci\u00f3n: 2025-10-21 En qu\u00e9 asuntos profesionales ando ahora: Fund\u00e9, administro y sufro en Kumar Center, la empresa que tiene a su cargo la distribuci\u00f3n de Cytotron en Latinoam\u00e9rica. Salt\u00e9 de la tecnolog\u00eda [&hellip;]<\/p>\n","protected":false},"author":2,"featured_media":0,"parent":0,"menu_order":0,"comment_status":"closed","ping_status":"closed","template":"","meta":{"twitterCardType":"summary","cardImageID":0,"cardImage":"","cardTitle":"","cardDesc":"","cardImageAlt":"","cardPlayer":"","cardPlayerWidth":0,"cardPlayerHeight":0,"cardPlayerStream":"","cardPlayerCodec":""},"_links":{"self":[{"href":"https:\/\/andresb.net\/blog\/wp-json\/wp\/v2\/pages\/1970"}],"collection":[{"href":"https:\/\/andresb.net\/blog\/wp-json\/wp\/v2\/pages"}],"about":[{"href":"https:\/\/andresb.net\/blog\/wp-json\/wp\/v2\/types\/page"}],"author":[{"embeddable":true,"href":"https:\/\/andresb.net\/blog\/wp-json\/wp\/v2\/users\/2"}],"replies":[{"embeddable":true,"href":"https:\/\/andresb.net\/blog\/wp-json\/wp\/v2\/comments?post=1970"}],"version-history":[{"count":2,"href":"https:\/\/andresb.net\/blog\/wp-json\/wp\/v2\/pages\/1970\/revisions"}],"predecessor-version":[{"id":5047,"href":"https:\/\/andresb.net\/blog\/wp-json\/wp\/v2\/pages\/1970\/revisions\/5047"}],"wp:attachment":[{"href":"https:\/\/andresb.net\/blog\/wp-json\/wp\/v2\/media?parent=1970"}],"curies":[{"name":"wp","href":"https:\/\/api.w.org\/{rel}","templated":true}]}}